{"id":799,"date":"2015-07-20T10:15:56","date_gmt":"2015-07-20T10:15:56","guid":{"rendered":"http:\/\/autocar.ee\/fi\/kaubikud\/"},"modified":"2020-01-15T12:47:26","modified_gmt":"2020-01-15T10:47:26","slug":"kaubiku-rent","status":"publish","type":"page","link":"https:\/\/autocar.ee\/fi\/kaubiku-rent\/","title":{"rendered":"Kaubikute rent"},"content":{"rendered":"<h1>Kaubikute rent Tallinnas<\/h1>\n<p>Uued Renault Master kaubikud. Rendikaubikuga v\u00f5ib s\u00f5ita B-kategooria juhilubade olemasolul. Kaubikute kandev\u00f5ime kuni 1500 kg.<\/p>\n<p>Meie rendiautodega tohib s\u00f5ita Eestist v\u00e4lja Euroopasse. Selleks on vaja eelnev kokkulepe lepingusse.<br \/>\nAutocar Autorent v\u00e4ikekaubiku rendihinnad sisaldavad k\u00e4ibemaksu. Asume Tallinna lennujaama l\u00e4hedal, Keevise tn 4a (\u00dclemiste kaubanduskeskuse taga) Tule ja rendi kaubik meie juurest! Broneeri kaubik sellelt lehelt v\u00f5i helista kohe mob: 372 538 698 27<\/p>\n<h2>Kaubiku rent Tallinnas soodsa hinnaga.<\/h2>\n<p>Uued Renault Master kaubikud. Rendikaubikuga v\u00f5ib s\u00f5ita B-kategooria juhilubade olemasolul. Kaubikute kandev\u00f5ime kuni 1500 kg.<\/p>\n<p>Meie rendiautodega tohib s\u00f5ita Eestist v\u00e4lja Euroopasse. Selleks on vaja eelnev kokkulepe lepingusse.<br \/>\nAutocar Autorent v\u00e4ikekaubiku rendihinnad sisaldavad k\u00e4ibemaksu. Asume Tallinna lennujaama l\u00e4hedal, Keevise tn 4a (\u00dclemiste kaubanduskeskuse taga) Tule ja rendi kaubik meie juurest! Broneeri kaubik sellelt lehelt v\u00f5i helista kohe mob: 372 538 698 27<\/p>\n<p>Soodne <a href=\"http:\/\/autocar.ee\">autorent<\/a> Tallinnas<\/p>\n<p>Kaubiku rent Tallinnas soodsa hinnaga. Uued Renault Master kaubikud. Rendikaubikuga v\u00f5ib s\u00f5ita B-kategooria juhilubade olemasolul. Kaubikute kandev\u00f5ime kuni 1500 kg.<\/p>\n<p>Meie rendiautodega tohib s\u00f5ita Eestist v\u00e4lja Euroopasse. Selleks on vaja eelnev kokkulepe lepingusse.<br \/>\nAutocar Autorent v\u00e4ikekaubiku rendihinnad sisaldavad k\u00e4ibemaksu. Asume Tallinna lennujaama l\u00e4hedal, Keevise tn 4a (\u00dclemiste kaubanduskeskuse taga) Tule ja rendi kaubik meie juurest! Broneeri kaubik sellelt lehelt v\u00f5i helista kohe mob: 372 538 698 27<\/p>\n<div id=\"attachment_2401\" style=\"width: 310px\" class=\"wp-caption alignnone\"><a href=\"https:\/\/autocar.ee\/wp-content\/uploads\/2017\/08\/renault-master-e1502265972485.jpg\"><img loading=\"lazy\" decoding=\"async\" aria-describedby=\"caption-attachment-2401\" class=\"size-medium wp-image-2401\" src=\"https:\/\/autocar.ee\/wp-content\/uploads\/2017\/08\/renault-master-e1502265972485-300x176.jpg\" alt=\"Soodne kaubikute rent\" width=\"300\" height=\"176\" srcset=\"https:\/\/autocar.ee\/wp-content\/uploads\/2017\/08\/renault-master-e1502265972485-300x176.jpg 300w, https:\/\/autocar.ee\/wp-content\/uploads\/2017\/08\/renault-master-e1502265972485.jpg 444w\" sizes=\"auto, (max-width: 300px) 100vw, 300px\" \/><\/a><p id=\"caption-attachment-2401\" class=\"wp-caption-text\">Soodne kaubikute rent<\/p><\/div>\n<p><a href=\"https:\/\/autocar.ee\/fi\/vaikebusside-rent\/\">V\u00e4ikebusside rent<\/a> Tallinnas<\/p>\n<p>Kaubiku rent Tallinnas soodsa hinnaga. Uued Renault Master kaubikud. Rendikaubikuga v\u00f5ib s\u00f5ita B-kategooria juhilubade olemasolul. Kaubikute kandev\u00f5ime kuni 1500 kg.<\/p>\n<p>Meie rendiautodega tohib s\u00f5ita Eestist v\u00e4lja Euroopasse. Selleks on vaja eelnev kokkulepe lepingusse.<br \/>\nAutocar Autorent v\u00e4ikekaubiku rendihinnad sisaldavad k\u00e4ibemaksu. Asume Tallinna lennujaama l\u00e4hedal, Keevise tn 4a (\u00dclemiste kaubanduskeskuse taga) Tule ja rendi kaubik meie juurest! Broneeri kaubik sellelt lehelt v\u00f5i helista kohe mob: 372 538 698 27<\/p>\n<p>Kaubiku rent Tallinnas soodsa hinnaga. Uued Renault Master kaubikud. Rendikaubikuga v\u00f5ib s\u00f5ita B-kategooria juhilubade olemasolul. Kaubikute kandev\u00f5ime kuni 1500 kg.<\/p>\n<p>Meie rendiautodega tohib s\u00f5ita Eestist v\u00e4lja Euroopasse. Selleks on vaja eelnev kokkulepe lepingusse.<br \/>\nAutocar Autorent v\u00e4ikekaubiku rendihinnad sisaldavad k\u00e4ibemaksu. Asume Tallinna lennujaama l\u00e4hedal, Keevise tn 4a (\u00dclemiste kaubanduskeskuse taga) Tule ja rendi kaubik meie juurest! Broneeri kaubik sellelt lehelt v\u00f5i helista kohe mob: 372 538 698 27<\/p>\n","protected":false},"excerpt":{"rendered":"<p>Kaubikute rent Tallinnas Uued Renault Master kaubikud. Rendikaubikuga v\u00f5ib s\u00f5ita B-kategooria juhilubade olemasolul. Kaubikute kandev\u00f5ime kuni 1500 kg. Meie rendiautodega tohib s\u00f5ita Eestist v\u00e4lja Euroopasse. Selleks on vaja eelnev kokkulepe lepingusse. Autocar Autorent v\u00e4ikekaubiku rendihinnad sisaldavad k\u00e4ibemaksu. Asume Tallinna lennujaama l\u00e4hedal, Keevise tn 4a (\u00dclemiste kaubanduskeskuse taga) Tule ja rendi kaubik meie juurest! Broneeri kaubik [&hellip;]<\/p>\n","protected":false},"author":1,"featured_media":2404,"parent":0,"menu_order":0,"comment_status":"open","ping_status":"open","template":"","meta":{"footnotes":""},"class_list":["post-799","page","type-page","status-publish","has-post-thumbnail","hentry"],"yoast_head":"<!-- This site is optimized with the Yoast SEO plugin v27.4 - https:\/\/yoast.com\/product\/yoast-seo-wordpress\/ -->\n<title>Pakettiauton vuokraus Tallinnassa<\/title>\n<meta name=\"description\" content=\"Kaubiku rent Tallinnas soodsa hinnaga. Hind alates 39 eur. Asume Keevise 4a, Tallinn. Tutvu meie valikuga ja broneeri juba t\u00e4na!\" \/>\n<meta name=\"robots\" content=\"index, follow, max-snippet:-1, max-image-preview:large, max-video-preview:-1\" \/>\n<link rel=\"canonical\" href=\"https:\/\/autocar.ee\/fi\/kaubiku-rent\/\" \/>\n<meta property=\"og:locale\" content=\"fi_FI\" \/>\n<meta property=\"og:type\" content=\"article\" \/>\n<meta property=\"og:title\" content=\"Odav kaubikute rent\" \/>\n<meta property=\"og:description\" content=\"Odav kaubikute rent\" \/>\n<meta property=\"og:url\" content=\"https:\/\/autocar.ee\/fi\/kaubiku-rent\/\" \/>\n<meta property=\"og:site_name\" content=\"Autocar\" \/>\n<meta property=\"article:publisher\" content=\"https:\/\/www.facebook.com\/autocar.autorent\/\" \/>\n<meta property=\"article:modified_time\" content=\"2020-01-15T10:47:26+00:00\" \/>\n<meta property=\"og:image\" content=\"https:\/\/autocar.ee\/wp-content\/uploads\/2017\/08\/renault-master-e1502266140875.jpg\" \/>\n\t<meta property=\"og:image:width\" content=\"444\" \/>\n\t<meta property=\"og:image:height\" content=\"261\" \/>\n\t<meta property=\"og:image:type\" content=\"image\/jpeg\" \/>\n<meta name=\"twitter:card\" content=\"summary_large_image\" \/>\n<meta name=\"twitter:site\" content=\"@AutocarAutorent\" \/>\n<meta name=\"twitter:label1\" content=\"Arvioitu lukuaika\" \/>\n\t<meta name=\"twitter:data1\" content=\"2 minuuttia\" \/>\n<script type=\"application\/ld+json\" class=\"yoast-schema-graph\">{\"@context\":\"https:\\\/\\\/schema.org\",\"@graph\":[{\"@type\":\"WebPage\",\"@id\":\"https:\\\/\\\/autocar.ee\\\/fi\\\/kaubiku-rent\\\/\",\"url\":\"https:\\\/\\\/autocar.ee\\\/fi\\\/kaubiku-rent\\\/\",\"name\":\"Pakettiauton vuokraus Tallinnassa\",\"isPartOf\":{\"@id\":\"https:\\\/\\\/autocar.ee\\\/#website\"},\"primaryImageOfPage\":{\"@id\":\"https:\\\/\\\/autocar.ee\\\/fi\\\/kaubiku-rent\\\/#primaryimage\"},\"image\":{\"@id\":\"https:\\\/\\\/autocar.ee\\\/fi\\\/kaubiku-rent\\\/#primaryimage\"},\"thumbnailUrl\":\"https:\\\/\\\/autocar.ee\\\/wp-content\\\/uploads\\\/2017\\\/08\\\/renault-master-e1502266140875.jpg\",\"datePublished\":\"2015-07-20T10:15:56+00:00\",\"dateModified\":\"2020-01-15T10:47:26+00:00\",\"description\":\"Kaubiku rent Tallinnas soodsa hinnaga. Hind alates 39 eur. Asume Keevise 4a, Tallinn. Tutvu meie valikuga ja broneeri juba t\u00e4na!\",\"breadcrumb\":{\"@id\":\"https:\\\/\\\/autocar.ee\\\/fi\\\/kaubiku-rent\\\/#breadcrumb\"},\"inLanguage\":\"fi\",\"potentialAction\":[{\"@type\":\"ReadAction\",\"target\":[\"https:\\\/\\\/autocar.ee\\\/fi\\\/kaubiku-rent\\\/\"]}]},{\"@type\":\"ImageObject\",\"inLanguage\":\"fi\",\"@id\":\"https:\\\/\\\/autocar.ee\\\/fi\\\/kaubiku-rent\\\/#primaryimage\",\"url\":\"https:\\\/\\\/autocar.ee\\\/wp-content\\\/uploads\\\/2017\\\/08\\\/renault-master-e1502266140875.jpg\",\"contentUrl\":\"https:\\\/\\\/autocar.ee\\\/wp-content\\\/uploads\\\/2017\\\/08\\\/renault-master-e1502266140875.jpg\",\"width\":444,\"height\":261},{\"@type\":\"BreadcrumbList\",\"@id\":\"https:\\\/\\\/autocar.ee\\\/fi\\\/kaubiku-rent\\\/#breadcrumb\",\"itemListElement\":[{\"@type\":\"ListItem\",\"position\":1,\"name\":\"Home\",\"item\":\"https:\\\/\\\/autocar.ee\\\/\"},{\"@type\":\"ListItem\",\"position\":2,\"name\":\"Kaubikute rent\"}]},{\"@type\":\"WebSite\",\"@id\":\"https:\\\/\\\/autocar.ee\\\/#website\",\"url\":\"https:\\\/\\\/autocar.ee\\\/\",\"name\":\"Autocar\",\"description\":\"Autorent Tallinnas\",\"publisher\":{\"@id\":\"https:\\\/\\\/autocar.ee\\\/#organization\"},\"potentialAction\":[{\"@type\":\"SearchAction\",\"target\":{\"@type\":\"EntryPoint\",\"urlTemplate\":\"https:\\\/\\\/autocar.ee\\\/?s={search_term_string}\"},\"query-input\":{\"@type\":\"PropertyValueSpecification\",\"valueRequired\":true,\"valueName\":\"search_term_string\"}}],\"inLanguage\":\"fi\"},{\"@type\":\"Organization\",\"@id\":\"https:\\\/\\\/autocar.ee\\\/#organization\",\"name\":\"Autonvuokraus Tallinnassa\",\"url\":\"https:\\\/\\\/autocar.ee\\\/\",\"logo\":{\"@type\":\"ImageObject\",\"inLanguage\":\"fi\",\"@id\":\"https:\\\/\\\/autocar.ee\\\/#\\\/schema\\\/logo\\\/image\\\/\",\"url\":\"https:\\\/\\\/autocar.ee\\\/wp-content\\\/uploads\\\/2017\\\/08\\\/VW-Passat-B8-e1502299735303.jpg\",\"contentUrl\":\"https:\\\/\\\/autocar.ee\\\/wp-content\\\/uploads\\\/2017\\\/08\\\/VW-Passat-B8-e1502299735303.jpg\",\"width\":558,\"height\":314,\"caption\":\"Autonvuokraus Tallinnassa\"},\"image\":{\"@id\":\"https:\\\/\\\/autocar.ee\\\/#\\\/schema\\\/logo\\\/image\\\/\"},\"sameAs\":[\"https:\\\/\\\/www.facebook.com\\\/autocar.autorent\\\/\",\"https:\\\/\\\/x.com\\\/AutocarAutorent\",\"https:\\\/\\\/www.pinterest.com\\\/autocarauto0073\\\/overview\\\/\"]}]}<\/script>\n<!-- \/ Yoast SEO plugin. -->","yoast_head_json":{"title":"Pakettiauton vuokraus Tallinnassa","description":"Kaubiku rent Tallinnas soodsa hinnaga. Hind alates 39 eur. Asume Keevise 4a, Tallinn. Tutvu meie valikuga ja broneeri juba t\u00e4na!","robots":{"index":"index","follow":"follow","max-snippet":"max-snippet:-1","max-image-preview":"max-image-preview:large","max-video-preview":"max-video-preview:-1"},"canonical":"https:\/\/autocar.ee\/fi\/kaubiku-rent\/","og_locale":"fi_FI","og_type":"article","og_title":"Odav kaubikute rent","og_description":"Odav kaubikute rent","og_url":"https:\/\/autocar.ee\/fi\/kaubiku-rent\/","og_site_name":"Autocar","article_publisher":"https:\/\/www.facebook.com\/autocar.autorent\/","article_modified_time":"2020-01-15T10:47:26+00:00","og_image":[{"width":444,"height":261,"url":"https:\/\/autocar.ee\/wp-content\/uploads\/2017\/08\/renault-master-e1502266140875.jpg","type":"image\/jpeg"}],"twitter_card":"summary_large_image","twitter_site":"@AutocarAutorent","twitter_misc":{"Arvioitu lukuaika":"2 minuuttia"},"schema":{"@context":"https:\/\/schema.org","@graph":[{"@type":"WebPage","@id":"https:\/\/autocar.ee\/fi\/kaubiku-rent\/","url":"https:\/\/autocar.ee\/fi\/kaubiku-rent\/","name":"Pakettiauton vuokraus Tallinnassa","isPartOf":{"@id":"https:\/\/autocar.ee\/#website"},"primaryImageOfPage":{"@id":"https:\/\/autocar.ee\/fi\/kaubiku-rent\/#primaryimage"},"image":{"@id":"https:\/\/autocar.ee\/fi\/kaubiku-rent\/#primaryimage"},"thumbnailUrl":"https:\/\/autocar.ee\/wp-content\/uploads\/2017\/08\/renault-master-e1502266140875.jpg","datePublished":"2015-07-20T10:15:56+00:00","dateModified":"2020-01-15T10:47:26+00:00","description":"Kaubiku rent Tallinnas soodsa hinnaga. Hind alates 39 eur. Asume Keevise 4a, Tallinn. Tutvu meie valikuga ja broneeri juba t\u00e4na!","breadcrumb":{"@id":"https:\/\/autocar.ee\/fi\/kaubiku-rent\/#breadcrumb"},"inLanguage":"fi","potentialAction":[{"@type":"ReadAction","target":["https:\/\/autocar.ee\/fi\/kaubiku-rent\/"]}]},{"@type":"ImageObject","inLanguage":"fi","@id":"https:\/\/autocar.ee\/fi\/kaubiku-rent\/#primaryimage","url":"https:\/\/autocar.ee\/wp-content\/uploads\/2017\/08\/renault-master-e1502266140875.jpg","contentUrl":"https:\/\/autocar.ee\/wp-content\/uploads\/2017\/08\/renault-master-e1502266140875.jpg","width":444,"height":261},{"@type":"BreadcrumbList","@id":"https:\/\/autocar.ee\/fi\/kaubiku-rent\/#breadcrumb","itemListElement":[{"@type":"ListItem","position":1,"name":"Home","item":"https:\/\/autocar.ee\/"},{"@type":"ListItem","position":2,"name":"Kaubikute rent"}]},{"@type":"WebSite","@id":"https:\/\/autocar.ee\/#website","url":"https:\/\/autocar.ee\/","name":"Autocar","description":"Autorent Tallinnas","publisher":{"@id":"https:\/\/autocar.ee\/#organization"},"potentialAction":[{"@type":"SearchAction","target":{"@type":"EntryPoint","urlTemplate":"https:\/\/autocar.ee\/?s={search_term_string}"},"query-input":{"@type":"PropertyValueSpecification","valueRequired":true,"valueName":"search_term_string"}}],"inLanguage":"fi"},{"@type":"Organization","@id":"https:\/\/autocar.ee\/#organization","name":"Autonvuokraus Tallinnassa","url":"https:\/\/autocar.ee\/","logo":{"@type":"ImageObject","inLanguage":"fi","@id":"https:\/\/autocar.ee\/#\/schema\/logo\/image\/","url":"https:\/\/autocar.ee\/wp-content\/uploads\/2017\/08\/VW-Passat-B8-e1502299735303.jpg","contentUrl":"https:\/\/autocar.ee\/wp-content\/uploads\/2017\/08\/VW-Passat-B8-e1502299735303.jpg","width":558,"height":314,"caption":"Autonvuokraus Tallinnassa"},"image":{"@id":"https:\/\/autocar.ee\/#\/schema\/logo\/image\/"},"sameAs":["https:\/\/www.facebook.com\/autocar.autorent\/","https:\/\/x.com\/AutocarAutorent","https:\/\/www.pinterest.com\/autocarauto0073\/overview\/"]}]}},"_links":{"self":[{"href":"https:\/\/autocar.ee\/fi\/wp-json\/wp\/v2\/pages\/799","targetHints":{"allow":["GET"]}}],"collection":[{"href":"https:\/\/autocar.ee\/fi\/wp-json\/wp\/v2\/pages"}],"about":[{"href":"https:\/\/autocar.ee\/fi\/wp-json\/wp\/v2\/types\/page"}],"author":[{"embeddable":true,"href":"https:\/\/autocar.ee\/fi\/wp-json\/wp\/v2\/users\/1"}],"replies":[{"embeddable":true,"href":"https:\/\/autocar.ee\/fi\/wp-json\/wp\/v2\/comments?post=799"}],"version-history":[{"count":39,"href":"https:\/\/autocar.ee\/fi\/wp-json\/wp\/v2\/pages\/799\/revisions"}],"predecessor-version":[{"id":26413,"href":"https:\/\/autocar.ee\/fi\/wp-json\/wp\/v2\/pages\/799\/revisions\/26413"}],"wp:featuredmedia":[{"embeddable":true,"href":"https:\/\/autocar.ee\/fi\/wp-json\/wp\/v2\/media\/2404"}],"wp:attachment":[{"href":"https:\/\/autocar.ee\/fi\/wp-json\/wp\/v2\/media?parent=799"}],"curies":[{"name":"wp","href":"https:\/\/api.w.org\/{rel}","templated":true}]}}